{"id":16504,"date":"2023-12-12T09:53:26","date_gmt":"2023-12-12T08:53:26","guid":{"rendered":"https:\/\/actisol-agri.fr\/request-quote\/"},"modified":"2025-09-24T10:03:45","modified_gmt":"2025-09-24T08:03:45","slug":"request-quote","status":"publish","type":"page","link":"https:\/\/actisol-agri.fr\/en\/request-quote\/","title":{"rendered":"Demande de renseignement"},"content":{"rendered":"\t\t<div data-elementor-type=\"wp-page\" data-elementor-id=\"16504\" class=\"elementor elementor-16504 elementor-14581\">\n\t\t\t\t\t\t\t\t\t<section class=\"elementor-section elementor-top-section elementor-element elementor-element-2958d386 elementor-section-boxed elementor-section-height-default elementor-section-height-default\" data-id=\"2958d386\" data-element_type=\"section\" data-settings=\"{&quot;jet_parallax_layout_list&quot;:[]}\">\n\t\t\t\t\t\t<div class=\"elementor-container elementor-column-gap-default\">\n\t\t\t\t\t<div class=\"elementor-column elementor-col-100 elementor-top-column elementor-element elementor-element-38a1ac74\" data-id=\"38a1ac74\" data-element_type=\"column\">\n\t\t\t<div class=\"elementor-widget-wrap elementor-element-populated\">\n\t\t\t\t\t\t\t\t<div class=\"elementor-element elementor-element-7791b0c3 elementor-widget elementor-widget-text-editor\" data-id=\"7791b0c3\" data-element_type=\"widget\" data-widget_type=\"text-editor.default\">\n\t\t\t\t<div class=\"elementor-widget-container\">\n\t\t\t\t\t\t\t\n\n<div class=\"woocommerce ywraq-wrapper\">\n\t\t\t<div id=\"yith-ywraq-message\"><div class=\"ywraq-question-message\">\n\t<\/div>\n<\/div>\n\t\t\n\t\t\t\t<div class=\"ywraq-form-table-wrapper \">\n\t\t\t\n<p class=\"ywraq_list_empty_message\">Your list is empty, add products to the list to send a request<p><p class=\"return-to-shop\"><a class=\"button wc-backward\" href=\"https:\/\/actisol-agri.fr\/notre-gamme\/\">Back to our ranges<\/a><\/p>\n\t\t\t\t\t<\/div>\n\t<\/div>\n\n\t\t\t\t\t\t<\/div>\n\t\t\t\t<\/div>\n\t\t\t\t\t<\/div>\n\t\t<\/div>\n\t\t\t\t\t\t\t<\/div>\n\t\t<\/section>\n\t\t\t\t\t\t\t<\/div>\n\t\t","protected":false},"excerpt":{"rendered":"","protected":false},"author":1,"featured_media":0,"parent":0,"menu_order":0,"comment_status":"closed","ping_status":"closed","template":"","meta":{"footnotes":""},"yoast_head":"<!-- This site is optimized with the Yoast SEO plugin v21.6 - https:\/\/yoast.com\/wordpress\/plugins\/seo\/ -->\n<title>Demande de renseignement - ACTISOL<\/title>\n<meta name=\"description\" content=\"L&#039;\u00e9quipe Actisol est \u00e0 votre disposition pour vous fournir plus de renseignements sur nos diff\u00e9rentes machines agricoles.\" \/>\n<meta name=\"robots\" content=\"index, follow, max-snippet:-1, max-image-preview:large, max-video-preview:-1\" \/>\n<link rel=\"canonical\" href=\"https:\/\/actisol-agri.fr\/en\/request-quote\/\" \/>\n<meta property=\"og:locale\" content=\"en_US\" \/>\n<meta property=\"og:type\" content=\"article\" \/>\n<meta property=\"og:title\" content=\"Demande de renseignement - ACTISOL\" \/>\n<meta property=\"og:description\" content=\"L&#039;\u00e9quipe Actisol est \u00e0 votre disposition pour vous fournir plus de renseignements sur nos diff\u00e9rentes machines agricoles.\" \/>\n<meta property=\"og:url\" content=\"https:\/\/actisol-agri.fr\/en\/request-quote\/\" \/>\n<meta property=\"og:site_name\" content=\"ACTISOL\" \/>\n<meta property=\"article:modified_time\" content=\"2025-09-24T08:03:45+00:00\" \/>\n<meta name=\"twitter:card\" content=\"summary_large_image\" \/>\n<meta name=\"twitter:label1\" content=\"Est. reading time\" \/>\n\t<meta name=\"twitter:data1\" content=\"1 minute\" \/>\n<!-- \/ Yoast SEO plugin. -->","yoast_head_json":{"title":"Demande de renseignement - ACTISOL","description":"L'\u00e9quipe Actisol est \u00e0 votre disposition pour vous fournir plus de renseignements sur nos diff\u00e9rentes machines agricoles.","robots":{"index":"index","follow":"follow","max-snippet":"max-snippet:-1","max-image-preview":"max-image-preview:large","max-video-preview":"max-video-preview:-1"},"canonical":"https:\/\/actisol-agri.fr\/en\/request-quote\/","og_locale":"en_US","og_type":"article","og_title":"Demande de renseignement - ACTISOL","og_description":"L'\u00e9quipe Actisol est \u00e0 votre disposition pour vous fournir plus de renseignements sur nos diff\u00e9rentes machines agricoles.","og_url":"https:\/\/actisol-agri.fr\/en\/request-quote\/","og_site_name":"ACTISOL","article_modified_time":"2025-09-24T08:03:45+00:00","twitter_card":"summary_large_image","twitter_misc":{"Est. reading time":"1 minute"},"schema":{"@context":"https:\/\/schema.org","@graph":[{"@type":"WebPage","@id":"https:\/\/actisol-agri.fr\/en\/request-quote\/","url":"https:\/\/actisol-agri.fr\/en\/request-quote\/","name":"Demande de renseignement - ACTISOL","isPartOf":{"@id":"https:\/\/actisol-agri.fr\/#website"},"datePublished":"2023-12-12T08:53:26+00:00","dateModified":"2025-09-24T08:03:45+00:00","description":"L'\u00e9quipe Actisol est \u00e0 votre disposition pour vous fournir plus de renseignements sur nos diff\u00e9rentes machines agricoles.","breadcrumb":{"@id":"https:\/\/actisol-agri.fr\/en\/request-quote\/#breadcrumb"},"inLanguage":"en-US","potentialAction":[{"@type":"ReadAction","target":["https:\/\/actisol-agri.fr\/en\/request-quote\/"]}]},{"@type":"BreadcrumbList","@id":"https:\/\/actisol-agri.fr\/en\/request-quote\/#breadcrumb","itemListElement":[{"@type":"ListItem","position":1,"name":"Accueil","item":"https:\/\/actisol-agri.fr\/"},{"@type":"ListItem","position":2,"name":"Demande de renseignement"}]},{"@type":"WebSite","@id":"https:\/\/actisol-agri.fr\/#website","url":"https:\/\/actisol-agri.fr\/","name":"ACTISOL","description":"","publisher":{"@id":"https:\/\/actisol-agri.fr\/#organization"},"potentialAction":[{"@type":"SearchAction","target":{"@type":"EntryPoint","urlTemplate":"https:\/\/actisol-agri.fr\/?s={search_term_string}"},"query-input":"required name=search_term_string"}],"inLanguage":"en-US"},{"@type":"Organization","@id":"https:\/\/actisol-agri.fr\/#organization","name":"ACTISOL","url":"https:\/\/actisol-agri.fr\/","logo":{"@type":"ImageObject","inLanguage":"en-US","@id":"https:\/\/actisol-agri.fr\/#\/schema\/logo\/image\/","url":"https:\/\/actisol-agri.fr\/wp-content\/uploads\/2019\/07\/logo-actisol-vecto-01-1-e1562160215997.png","contentUrl":"https:\/\/actisol-agri.fr\/wp-content\/uploads\/2019\/07\/logo-actisol-vecto-01-1-e1562160215997.png","width":300,"height":83,"caption":"ACTISOL"},"image":{"@id":"https:\/\/actisol-agri.fr\/#\/schema\/logo\/image\/"}}]}},"_links":{"self":[{"href":"https:\/\/actisol-agri.fr\/en\/wp-json\/wp\/v2\/pages\/16504"}],"collection":[{"href":"https:\/\/actisol-agri.fr\/en\/wp-json\/wp\/v2\/pages"}],"about":[{"href":"https:\/\/actisol-agri.fr\/en\/wp-json\/wp\/v2\/types\/page"}],"author":[{"embeddable":true,"href":"https:\/\/actisol-agri.fr\/en\/wp-json\/wp\/v2\/users\/1"}],"replies":[{"embeddable":true,"href":"https:\/\/actisol-agri.fr\/en\/wp-json\/wp\/v2\/comments?post=16504"}],"version-history":[{"count":9,"href":"https:\/\/actisol-agri.fr\/en\/wp-json\/wp\/v2\/pages\/16504\/revisions"}],"predecessor-version":[{"id":19925,"href":"https:\/\/actisol-agri.fr\/en\/wp-json\/wp\/v2\/pages\/16504\/revisions\/19925"}],"wp:attachment":[{"href":"https:\/\/actisol-agri.fr\/en\/wp-json\/wp\/v2\/media?parent=16504"}],"curies":[{"name":"wp","href":"https:\/\/api.w.org\/{rel}","templated":true}]}}